{"id":923,"date":"2025-08-05T18:13:20","date_gmt":"2025-08-05T16:13:20","guid":{"rendered":"https:\/\/shreddedmen.com\/?page_id=923"},"modified":"2025-09-22T07:32:59","modified_gmt":"2025-09-22T05:32:59","slug":"masculinity-aesthetics-community","status":"publish","type":"page","link":"https:\/\/shreddedmen.com\/br\/","title":{"rendered":"Shredded Homens | Admire-me \u2022 Comunidade de Est\u00e9tica da Masculinidade \ud802\udd82 Rio de Janeiro"},"content":{"rendered":"<div class=\"container\">\n<h1 style=\"display:none;\">Shredded Homens | Admire-me \u2022 Comunidade de Est\u00e9tica da Masculinidade \ud802\udd82 Rio de Janeiro<\/h1>\n<div class=\"slide\">\n<div role=\"img\" aria-label=\"Shredded Homens | Est\u00e9tica que vive nos m\u00fasculos\" class=\"item\" style=\"background-image: url(https:\/\/shreddedmen.com\/aesthetics\/webp\/poster-00091-1080x1920-shredded-men-com-admire-me-men-first-ladies-second-masculinity-aesthetics-community.webp);\">\n<div class=\"content\">\n<h2 class=\"aex-startseite\">M\u00fasculos<\/h2>\n<div class=\"des\">Est\u00e9tica que vive nos m\u00fasculos<\/div>\n<p>\t\t\t\t<a href=\"https:\/\/shreddedmen.com\/br\/journal\/\" class=\"see-more-button\" target=\"_self\">DIGITAR<\/a>\n\t\t\t<\/div>\n<\/p><\/div>\n<div role=\"img\" aria-label=\"Shredded Homens | Homens primeiro \u2022 Mulheres em segundo\" class=\"item\" style=\"background-image: url(https:\/\/shreddedmen.com\/aesthetics\/webp\/poster-00001-1080x1920-shredded-men-com-admire-me-men-first-ladies-second-masculinity-aesthetics-community.webp);\">\n<div class=\"content\">\n<h2 class=\"aex-startseite\">Shredded Homens<\/h2>\n<div class=\"des\">Homens primeiro \u2022 Mulheres em segundo<\/div>\n<p>\t\t\t\t<a href=\"https:\/\/shreddedmen.com\/br\/journal\/\" class=\"see-more-button\" target=\"_self\">DIGITAR<\/a>\n\t\t\t<\/div>\n<\/p><\/div>\n<div role=\"img\" aria-label=\"Shredded Homens | Homens que acendem o desejo\" class=\"item\" style=\"background-image: url(https:\/\/shreddedmen.com\/aesthetics\/webp\/poster-00011-1080x1920-shredded-men-com-admire-me-men-first-ladies-second-masculinity-aesthetics-community.webp);\">\n<div class=\"content\">\n<h2 class=\"aex-startseite\">Senhoras<\/h2>\n<div class=\"des\">Homens que acendem o desejo<\/div>\n<p>\t\t\t\t<a href=\"https:\/\/shreddedmen.com\/br\/journal\/\" class=\"see-more-button\" target=\"_self\">DIGITAR<\/a>\n\t\t\t<\/div>\n<\/p><\/div>\n<div role=\"img\" aria-label=\"Shredded Homens | A disciplina molda a verdadeira masculinidade\" class=\"item\" style=\"background-image: url(https:\/\/shreddedmen.com\/aesthetics\/webp\/poster-00016-1080x1920-shredded-men-com-admire-me-men-first-ladies-second-masculinity-aesthetics-community.webp);\">\n<div class=\"content\">\n<h2 class=\"aex-startseite\">Masculinidade<\/h2>\n<div class=\"des\">A disciplina molda a verdadeira masculinidade<\/div>\n<p>\t\t\t\t<a href=\"https:\/\/shreddedmen.com\/br\/journal\/\" class=\"see-more-button\" target=\"_self\">DIGITAR<\/a>\n\t\t\t<\/div>\n<\/p><\/div>\n<div role=\"img\" aria-label=\"Shredded Homens | Artigos t\u00e3o fortes quanto m\u00fasculos\" class=\"item\" style=\"background-image: url(https:\/\/shreddedmen.com\/aesthetics\/webp\/poster-00024-1080x1920-shredded-men-com-admire-me-men-first-ladies-second-masculinity-aesthetics-community.webp);\">\n<div class=\"content\">\n<h2 class=\"aex-startseite\">Revista<\/h2>\n<div class=\"des\">Artigos t\u00e3o fortes quanto m\u00fasculos<\/div>\n<p>\t\t\t\t<a href=\"https:\/\/shreddedmen.com\/br\/journal\/\" class=\"see-more-button\" target=\"_self\">DIGITAR<\/a>\n\t\t\t<\/div>\n<\/p><\/div>\n<div role=\"img\" aria-label=\"Shredded Homens | A est\u00e9tica encontra a masculinidade\" class=\"item\" style=\"background-image: url(https:\/\/shreddedmen.com\/aesthetics\/webp\/poster-00099-1080x1920-shredded-men-com-admire-me-men-first-ladies-second-masculinity-aesthetics-community.webp);\">\n<div class=\"content\">\n<h2 class=\"aex-startseite\">Estilo<\/h2>\n<div class=\"des\">A est\u00e9tica encontra a masculinidade<\/div>\n<p>\t\t\t\t<a href=\"https:\/\/shreddedmen.com\/br\/journal\/\" class=\"see-more-button\" target=\"_self\">DIGITAR<\/a>\n\t\t\t<\/div>\n<\/p><\/div>\n<div role=\"img\" aria-label=\"Shredded Homens | Conhe\u00e7a novos amigos para academia e estilo de vida\" class=\"item\" style=\"background-image: url(https:\/\/shreddedmen.com\/aesthetics\/webp\/poster-00047-1080x1920-shredded-men-com-admire-me-men-first-ladies-second-masculinity-aesthetics-community.webp);\">\n<div class=\"content\">\n<h2 class=\"aex-startseite\">Bromance<\/h2>\n<div class=\"des\">Conhe\u00e7a novos amigos para academia e estilo de vida<\/div>\n<p>\t\t\t\t<a href=\"https:\/\/shreddedmen.com\/br\/journal\/\" class=\"see-more-button\" target=\"_self\">DIGITAR<\/a>\n\t\t\t<\/div>\n<\/p><\/div>\n<div role=\"img\" aria-label=\"Shredded Homens | As ruas tremem por voc\u00ea\" class=\"item\" style=\"background-image: url(https:\/\/shreddedmen.com\/aesthetics\/webp\/poster-00038-1080x1920-shredded-men-com-admire-me-men-first-ladies-second-masculinity-aesthetics-community.webp);\">\n<div class=\"content\">\n<h2 class=\"aex-startseite\">Baba<\/h2>\n<div class=\"des\">As ruas tremem por voc\u00ea<\/div>\n<p>\t\t\t\t<a href=\"https:\/\/shreddedmen.com\/br\/journal\/\" class=\"see-more-button\" target=\"_self\">DIGITAR<\/a>\n\t\t\t<\/div>\n<\/p><\/div>\n<div role=\"img\" aria-label=\"Shredded Homens | Sinta o respeito\" class=\"item\" style=\"background-image: url(https:\/\/shreddedmen.com\/aesthetics\/webp\/poster-00088-1080x1920-shredded-men-com-admire-me-men-first-ladies-second-masculinity-aesthetics-community.webp);\">\n<div class=\"content\">\n<h2 class=\"aex-startseite\">Admira\u00e7\u00e3o<\/h2>\n<div class=\"des\">Sinta o respeito<\/div>\n<p>\t\t\t\t<a href=\"https:\/\/shreddedmen.com\/br\/journal\/\" class=\"see-more-button\" target=\"_self\">DIGITAR<\/a>\n\t\t\t<\/div>\n<\/p><\/div>\n<div role=\"img\" aria-label=\"Shredded Homens | O ouro em voc\u00ea\" class=\"item\" style=\"background-image: url(https:\/\/shreddedmen.com\/aesthetics\/webp\/poster-00079-1080x1920-shredded-men-com-admire-me-men-first-ladies-second-masculinity-aesthetics-community.webp);\">\n<div class=\"content\">\n<h2 class=\"aex-startseite\">Desejo<\/h2>\n<div class=\"des\">O ouro em voc\u00ea<\/div>\n<p>\t\t\t\t<a href=\"https:\/\/shreddedmen.com\/br\/journal\/\" class=\"see-more-button\" target=\"_self\">DIGITAR<\/a>\n\t\t\t<\/div>\n<\/p><\/div>\n<div role=\"img\" aria-label=\"Shredded Pessoal | As melhores dicas para um corpo extremamente definido\" class=\"item\" style=\"background-image: url(https:\/\/shreddedmen.com\/aesthetics\/webp\/poster-00096-1080x1920-shredded-men-com-admire-me-men-first-ladies-second-masculinity-aesthetics-community.webp);\"><\/div>\n<\/p><\/div>\n<div class=\"button\">\n\t\t<button class=\"prev\"><i class=\"fa-solid fa-arrow-left\"><\/i><\/button><br \/>\n\t\t<button class=\"next\"><i class=\"fa-solid fa-arrow-right\"><\/i><\/button>\n\t<\/div>\n<div class=\"aex-box-start-footer\">\n        <a class=\"aex-start-footer-a-eyecatcher\" href=\"https:\/\/shreddedmen.com\/br\/app\/\" target=\"_self\" title=\"Converta Shredded Homens em aplicativo\">Converta Shredded Homens<\/p>\n<p>em aplicativo<\/a><\/p>\n<div class=\"blank100\"><\/div>\n<p>        <a class=\"aex-start-footer-a\" href=\"https:\/\/shreddedmen.com\/br\/imprint\/\" target=\"_self\" title=\"Impress\u00e3o de Shredded Homens\">Imprimir<\/a><br \/>\n        <a class=\"aex-start-footer-a\" href=\"https:\/\/shreddedmen.com\/br\/privacy-policy\/\" target=\"_self\" title=\"Pol\u00edtica de Privacidade da Shredded Homens\">Pol\u00edtica de Privacidade<\/a><br \/>\n        <a class=\"aex-start-footer-a\" href=\"https:\/\/shreddedmen.com\/br\/community-guidelines\/\" target=\"_self\" title=\"Diretrizes da Comunidade de Shredded Homens\">Diretrizes da Comunidade<\/a><br \/>\n        <a class=\"aex-start-footer-a\" href=\"https:\/\/shreddedmen.com\/br\/cookies\/\" target=\"_self\" title=\"Definir cookies individualmente\">Cookies<\/a>\n    <\/div>\n<\/div>\n","protected":false},"excerpt":{"rendered":"<p>Shredded Homens | Admire-me \u2022 Comunidade de Est\u00e9tica da Masculinidade \ud802\udd82 Rio de Janeiro M\u00fasculos Est\u00e9tica que vive nos m\u00fasculos DIGITAR Shredded Homens Homens primeiro \u2022 Mulheres em segundo DIGITAR Senhoras Homens que acendem o desejo DIGITAR Masculinidade A disciplina molda a verdadeira masculinidade DIGITAR Revista Artigos t\u00e3o fortes quanto m\u00fasculos DIGITAR Estilo A est\u00e9tica [&hellip;]<\/p>\n","protected":false},"author":1,"featured_media":1143,"parent":0,"menu_order":0,"comment_status":"closed","ping_status":"closed","template":"page-startseite.php","meta":{"footnotes":""},"class_list":["post-923","page","type-page","status-publish","has-post-thumbnail","hentry"],"translation":{"provider":"WPGlobus","version":"3.0.2","language":"br","enabled_languages":["de","tr","en","es","br","fr","it","ar","ru","zh","ko","hi","ja"],"languages":{"de":{"title":true,"content":true,"excerpt":false},"tr":{"title":true,"content":true,"excerpt":false},"en":{"title":true,"content":true,"excerpt":false},"es":{"title":true,"content":true,"excerpt":false},"br":{"title":true,"content":true,"excerpt":false},"fr":{"title":true,"content":true,"excerpt":false},"it":{"title":true,"content":true,"excerpt":false},"ar":{"title":true,"content":true,"excerpt":false},"ru":{"title":true,"content":true,"excerpt":false},"zh":{"title":true,"content":true,"excerpt":false},"ko":{"title":true,"content":false,"excerpt":false},"hi":{"title":true,"content":false,"excerpt":false},"ja":{"title":true,"content":false,"excerpt":false}}},"aioseo_notices":[],"_links":{"self":[{"href":"https:\/\/shreddedmen.com\/br\/wp-json\/wp\/v2\/pages\/923","targetHints":{"allow":["GET"]}}],"collection":[{"href":"https:\/\/shreddedmen.com\/br\/wp-json\/wp\/v2\/pages"}],"about":[{"href":"https:\/\/shreddedmen.com\/br\/wp-json\/wp\/v2\/types\/page"}],"author":[{"embeddable":true,"href":"https:\/\/shreddedmen.com\/br\/wp-json\/wp\/v2\/users\/1"}],"replies":[{"embeddable":true,"href":"https:\/\/shreddedmen.com\/br\/wp-json\/wp\/v2\/comments?post=923"}],"version-history":[{"count":1,"href":"https:\/\/shreddedmen.com\/br\/wp-json\/wp\/v2\/pages\/923\/revisions"}],"predecessor-version":[{"id":2669,"href":"https:\/\/shreddedmen.com\/br\/wp-json\/wp\/v2\/pages\/923\/revisions\/2669"}],"wp:featuredmedia":[{"embeddable":true,"href":"https:\/\/shreddedmen.com\/br\/wp-json\/wp\/v2\/media\/1143"}],"wp:attachment":[{"href":"https:\/\/shreddedmen.com\/br\/wp-json\/wp\/v2\/media?parent=923"}],"curies":[{"name":"wp","href":"https:\/\/api.w.org\/{rel}","templated":true}]}}