{"id":923,"date":"2025-08-05T18:13:20","date_gmt":"2025-08-05T16:13:20","guid":{"rendered":"https:\/\/shreddedmen.com\/?page_id=923"},"modified":"2025-09-22T07:32:59","modified_gmt":"2025-09-22T05:32:59","slug":"masculinity-aesthetics-community","status":"publish","type":"page","link":"https:\/\/shreddedmen.com\/fr\/","title":{"rendered":"Shredded Hommes | Admire-moi \u2022 Communaut\u00e9 d\u2019Esth\u00e9tique Masculine \ud802\udd82 Paris"},"content":{"rendered":"<div class=\"container\">\n<h1 style=\"display:none;\">Shredded Hommes | Admire-moi \u2022 Communaut\u00e9 d\u2019Esth\u00e9tique Masculine \ud802\udd82 Paris<\/h1>\n<div class=\"slide\">\n<div role=\"img\" aria-label=\"Shredded Hommes | L'esth\u00e9tique qui vit dans les muscles\" class=\"item\" style=\"background-image: url(https:\/\/shreddedmen.com\/aesthetics\/webp\/poster-00091-1080x1920-shredded-men-com-admire-me-men-first-ladies-second-masculinity-aesthetics-community.webp);\">\n<div class=\"content\">\n<h2 class=\"aex-startseite\">Muscles<\/h2>\n<div class=\"des\">L&rsquo;esth\u00e9tique qui vit dans les muscles<\/div>\n<p>\t\t\t\t<a href=\"https:\/\/shreddedmen.com\/fr\/journal\/\" class=\"see-more-button\" target=\"_self\">ENTRER<\/a>\n\t\t\t<\/div>\n<\/p><\/div>\n<div role=\"img\" aria-label=\"Shredded Hommes | Hommes d'abord \u2022 Dames ensuite\" class=\"item\" style=\"background-image: url(https:\/\/shreddedmen.com\/aesthetics\/webp\/poster-00001-1080x1920-shredded-men-com-admire-me-men-first-ladies-second-masculinity-aesthetics-community.webp);\">\n<div class=\"content\">\n<h2 class=\"aex-startseite\">Shredded Hommes<\/h2>\n<div class=\"des\">Hommes d&rsquo;abord \u2022 Dames ensuite<\/div>\n<p>\t\t\t\t<a href=\"https:\/\/shreddedmen.com\/fr\/journal\/\" class=\"see-more-button\" target=\"_self\">ENTRER<\/a>\n\t\t\t<\/div>\n<\/p><\/div>\n<div role=\"img\" aria-label=\"Shredded Hommes | Les hommes qui attisent le d\u00e9sir\" class=\"item\" style=\"background-image: url(https:\/\/shreddedmen.com\/aesthetics\/webp\/poster-00011-1080x1920-shredded-men-com-admire-me-men-first-ladies-second-masculinity-aesthetics-community.webp);\">\n<div class=\"content\">\n<h2 class=\"aex-startseite\">Dames<\/h2>\n<div class=\"des\">Les hommes qui attisent le d\u00e9sir<\/div>\n<p>\t\t\t\t<a href=\"https:\/\/shreddedmen.com\/fr\/journal\/\" class=\"see-more-button\" target=\"_self\">ENTRER<\/a>\n\t\t\t<\/div>\n<\/p><\/div>\n<div role=\"img\" aria-label=\"Shredded Hommes | La discipline fa\u00e7onne la vraie masculinit\u00e9\" class=\"item\" style=\"background-image: url(https:\/\/shreddedmen.com\/aesthetics\/webp\/poster-00016-1080x1920-shredded-men-com-admire-me-men-first-ladies-second-masculinity-aesthetics-community.webp);\">\n<div class=\"content\">\n<h2 class=\"aex-startseite\">Masculinit\u00e9<\/h2>\n<div class=\"des\">La discipline fa\u00e7onne la vraie masculinit\u00e9<\/div>\n<p>\t\t\t\t<a href=\"https:\/\/shreddedmen.com\/fr\/journal\/\" class=\"see-more-button\" target=\"_self\">ENTRER<\/a>\n\t\t\t<\/div>\n<\/p><\/div>\n<div role=\"img\" aria-label=\"Shredded Hommes | Des articles aussi forts que des muscles\" class=\"item\" style=\"background-image: url(https:\/\/shreddedmen.com\/aesthetics\/webp\/poster-00024-1080x1920-shredded-men-com-admire-me-men-first-ladies-second-masculinity-aesthetics-community.webp);\">\n<div class=\"content\">\n<h2 class=\"aex-startseite\">Revue<\/h2>\n<div class=\"des\">Des articles aussi forts que des muscles<\/div>\n<p>\t\t\t\t<a href=\"https:\/\/shreddedmen.com\/fr\/journal\/\" class=\"see-more-button\" target=\"_self\">ENTRER<\/a>\n\t\t\t<\/div>\n<\/p><\/div>\n<div role=\"img\" aria-label=\"Shredded Hommes | L'esth\u00e9tique rencontre la masculinit\u00e9\" class=\"item\" style=\"background-image: url(https:\/\/shreddedmen.com\/aesthetics\/webp\/poster-00099-1080x1920-shredded-men-com-admire-me-men-first-ladies-second-masculinity-aesthetics-community.webp);\">\n<div class=\"content\">\n<h2 class=\"aex-startseite\">Style<\/h2>\n<div class=\"des\">L&rsquo;esth\u00e9tique rencontre la masculinit\u00e9<\/div>\n<p>\t\t\t\t<a href=\"https:\/\/shreddedmen.com\/fr\/journal\/\" class=\"see-more-button\" target=\"_self\">ENTRER<\/a>\n\t\t\t<\/div>\n<\/p><\/div>\n<div role=\"img\" aria-label=\"Shredded Hommes | Rencontre de nouveaux amis pour la salle de sport et le lifestyle\" class=\"item\" style=\"background-image: url(https:\/\/shreddedmen.com\/aesthetics\/webp\/poster-00047-1080x1920-shredded-men-com-admire-me-men-first-ladies-second-masculinity-aesthetics-community.webp);\">\n<div class=\"content\">\n<h2 class=\"aex-startseite\">Bromance<\/h2>\n<div class=\"des\">Rencontre de nouveaux amis pour la salle de sport et le lifestyle<\/div>\n<p>\t\t\t\t<a href=\"https:\/\/shreddedmen.com\/fr\/journal\/\" class=\"see-more-button\" target=\"_self\">ENTRER<\/a>\n\t\t\t<\/div>\n<\/p><\/div>\n<div role=\"img\" aria-label=\"Shredded Hommes | Les rues tremblent pour toi\" class=\"item\" style=\"background-image: url(https:\/\/shreddedmen.com\/aesthetics\/webp\/poster-00038-1080x1920-shredded-men-com-admire-me-men-first-ladies-second-masculinity-aesthetics-community.webp);\">\n<div class=\"content\">\n<h2 class=\"aex-startseite\">Baba<\/h2>\n<div class=\"des\">Les rues tremblent pour toi<\/div>\n<p>\t\t\t\t<a href=\"https:\/\/shreddedmen.com\/fr\/journal\/\" class=\"see-more-button\" target=\"_self\">ENTRER<\/a>\n\t\t\t<\/div>\n<\/p><\/div>\n<div role=\"img\" aria-label=\"Shredded Hommes | Ressens le respect\" class=\"item\" style=\"background-image: url(https:\/\/shreddedmen.com\/aesthetics\/webp\/poster-00088-1080x1920-shredded-men-com-admire-me-men-first-ladies-second-masculinity-aesthetics-community.webp);\">\n<div class=\"content\">\n<h2 class=\"aex-startseite\">Admiration<\/h2>\n<div class=\"des\">Ressens le respect<\/div>\n<p>\t\t\t\t<a href=\"https:\/\/shreddedmen.com\/fr\/journal\/\" class=\"see-more-button\" target=\"_self\">ENTRER<\/a>\n\t\t\t<\/div>\n<\/p><\/div>\n<div role=\"img\" aria-label=\"Shredded Hommes | L'or en toi\" class=\"item\" style=\"background-image: url(https:\/\/shreddedmen.com\/aesthetics\/webp\/poster-00079-1080x1920-shredded-men-com-admire-me-men-first-ladies-second-masculinity-aesthetics-community.webp);\">\n<div class=\"content\">\n<h2 class=\"aex-startseite\">D\u00e9sir<\/h2>\n<div class=\"des\">L&rsquo;or en toi<\/div>\n<p>\t\t\t\t<a href=\"https:\/\/shreddedmen.com\/fr\/journal\/\" class=\"see-more-button\" target=\"_self\">ENTRER<\/a>\n\t\t\t<\/div>\n<\/p><\/div>\n<div role=\"img\" aria-label=\"Shredded Gars | Les meilleurs conseils pour un corps extr\u00eamement d\u00e9fini\" class=\"item\" style=\"background-image: url(https:\/\/shreddedmen.com\/aesthetics\/webp\/poster-00096-1080x1920-shredded-men-com-admire-me-men-first-ladies-second-masculinity-aesthetics-community.webp);\"><\/div>\n<\/p><\/div>\n<div class=\"button\">\n\t\t<button class=\"prev\"><i class=\"fa-solid fa-arrow-left\"><\/i><\/button><br \/>\n\t\t<button class=\"next\"><i class=\"fa-solid fa-arrow-right\"><\/i><\/button>\n\t<\/div>\n<div class=\"aex-box-start-footer\">\n        <a class=\"aex-start-footer-a-eyecatcher\" href=\"https:\/\/shreddedmen.com\/fr\/app\/\" target=\"_self\" title=\"Convertir Shredded Hommes en application\">Convertir Shredded Hommes<\/p>\n<p>en application<\/a><\/p>\n<div class=\"blank100\"><\/div>\n<p>        <a class=\"aex-start-footer-a\" href=\"https:\/\/shreddedmen.com\/fr\/imprint\/\" target=\"_self\" title=\"Empreinte des Shredded Hommes\">Empreinte<\/a><br \/>\n        <a class=\"aex-start-footer-a\" href=\"https:\/\/shreddedmen.com\/fr\/privacy-policy\/\" target=\"_self\" title=\"Politique de Confidentialit\u00e9 de Shredded Hommes\">Politique de Confidentialit\u00e9<\/a><br \/>\n        <a class=\"aex-start-footer-a\" href=\"https:\/\/shreddedmen.com\/fr\/community-guidelines\/\" target=\"_self\" title=\"R\u00e8gles de la Communaut\u00e9 Shredded Hommes\">R\u00e8gles de la Communaut\u00e9<\/a><br \/>\n        <a class=\"aex-start-footer-a\" href=\"https:\/\/shreddedmen.com\/fr\/cookies\/\" target=\"_self\" title=\"D\u00e9finir les cookies individuellement\">Cookies<\/a>\n    <\/div>\n<\/div>\n","protected":false},"excerpt":{"rendered":"<p>Shredded Hommes | Admire-moi \u2022 Communaut\u00e9 d\u2019Esth\u00e9tique Masculine \ud802\udd82 Paris Muscles L&rsquo;esth\u00e9tique qui vit dans les muscles ENTRER Shredded Hommes Hommes d&rsquo;abord \u2022 Dames ensuite ENTRER Dames Les hommes qui attisent le d\u00e9sir ENTRER Masculinit\u00e9 La discipline fa\u00e7onne la vraie masculinit\u00e9 ENTRER Revue Des articles aussi forts que des muscles ENTRER Style L&rsquo;esth\u00e9tique rencontre la [&hellip;]<\/p>\n","protected":false},"author":1,"featured_media":1143,"parent":0,"menu_order":0,"comment_status":"closed","ping_status":"closed","template":"page-startseite.php","meta":{"footnotes":""},"class_list":["post-923","page","type-page","status-publish","has-post-thumbnail","hentry"],"translation":{"provider":"WPGlobus","version":"3.0.2","language":"fr","enabled_languages":["de","tr","en","es","br","fr","it","ar","ru","zh","ko","hi","ja"],"languages":{"de":{"title":true,"content":true,"excerpt":false},"tr":{"title":true,"content":true,"excerpt":false},"en":{"title":true,"content":true,"excerpt":false},"es":{"title":true,"content":true,"excerpt":false},"br":{"title":true,"content":true,"excerpt":false},"fr":{"title":true,"content":true,"excerpt":false},"it":{"title":true,"content":true,"excerpt":false},"ar":{"title":true,"content":true,"excerpt":false},"ru":{"title":true,"content":true,"excerpt":false},"zh":{"title":true,"content":true,"excerpt":false},"ko":{"title":true,"content":false,"excerpt":false},"hi":{"title":true,"content":false,"excerpt":false},"ja":{"title":true,"content":false,"excerpt":false}}},"aioseo_notices":[],"_links":{"self":[{"href":"https:\/\/shreddedmen.com\/fr\/wp-json\/wp\/v2\/pages\/923","targetHints":{"allow":["GET"]}}],"collection":[{"href":"https:\/\/shreddedmen.com\/fr\/wp-json\/wp\/v2\/pages"}],"about":[{"href":"https:\/\/shreddedmen.com\/fr\/wp-json\/wp\/v2\/types\/page"}],"author":[{"embeddable":true,"href":"https:\/\/shreddedmen.com\/fr\/wp-json\/wp\/v2\/users\/1"}],"replies":[{"embeddable":true,"href":"https:\/\/shreddedmen.com\/fr\/wp-json\/wp\/v2\/comments?post=923"}],"version-history":[{"count":1,"href":"https:\/\/shreddedmen.com\/fr\/wp-json\/wp\/v2\/pages\/923\/revisions"}],"predecessor-version":[{"id":2669,"href":"https:\/\/shreddedmen.com\/fr\/wp-json\/wp\/v2\/pages\/923\/revisions\/2669"}],"wp:featuredmedia":[{"embeddable":true,"href":"https:\/\/shreddedmen.com\/fr\/wp-json\/wp\/v2\/media\/1143"}],"wp:attachment":[{"href":"https:\/\/shreddedmen.com\/fr\/wp-json\/wp\/v2\/media?parent=923"}],"curies":[{"name":"wp","href":"https:\/\/api.w.org\/{rel}","templated":true}]}}