{"id":923,"date":"2025-08-05T18:13:20","date_gmt":"2025-08-05T16:13:20","guid":{"rendered":"https:\/\/shreddedmen.com\/?page_id=923"},"modified":"2025-09-22T07:32:59","modified_gmt":"2025-09-22T05:32:59","slug":"masculinity-aesthetics-community","status":"publish","type":"page","link":"https:\/\/shreddedmen.com\/hi\/","title":{"rendered":"Shredded Men | \u092e\u0941\u091d\u0947 \u092a\u094d\u0930\u0936\u0902\u0938\u093e \u0915\u0930\u0947\u0902 \u2022 \u092a\u0941\u0930\u0941\u0937 \u0938\u094c\u0902\u0926\u0930\u094d\u092f\u0936\u093e\u0938\u094d\u0924\u094d\u0930 \u0938\u092e\u0941\u0926\u093e\u092f \ud802\udd82 \u0928\u0908 \u0926\u093f\u0932\u094d\u0932\u0940"},"content":{"rendered":"<p>{:de}<\/p>\n<div class=\"container\">\n<h1 style=\"display:none;\">Shredded Men | Admire Me \u2022 Masculinity Aesthetics Community \ud802\udd82 D\u00fcsseldorf<\/h1>\n<div class=\"slide\">\n<div role=\"img\" aria-label=\"Shredded Men | \u00c4sthetik, die in Muskeln lebt\" class=\"item\" style=\"background-image: url(https:\/\/shreddedmen.com\/aesthetics\/webp\/poster-00091-1080x1920-shredded-men-com-admire-me-men-first-ladies-second-masculinity-aesthetics-community.webp);\">\n<div class=\"content\">\n<h2 class=\"aex-startseite\">Muskeln<\/h2>\n<div class=\"des\">\u00c4sthetik, die in Muskeln lebt<\/div>\n<p>\t\t\t\t<a href=\"https:\/\/shreddedmen.com\/journal\/\" class=\"see-more-button\" target=\"_self\">ENTER<\/a>\n\t\t\t<\/div>\n<\/p><\/div>\n<div role=\"img\" aria-label=\"Shredded Men | Men first \u2022 Ladies second\" class=\"item\" style=\"background-image: url(https:\/\/shreddedmen.com\/aesthetics\/webp\/poster-00001-1080x1920-shredded-men-com-admire-me-men-first-ladies-second-masculinity-aesthetics-community.webp);\">\n<div class=\"content\">\n<h2 class=\"aex-startseite\">Shredded Men<\/h2>\n<div class=\"des\">Men first | Ladies second<\/div>\n<p>\t\t\t\t<a href=\"https:\/\/shreddedmen.com\/journal\/\" class=\"see-more-button\" target=\"_self\">ENTER<\/a>\n\t\t\t<\/div>\n<\/p><\/div>\n<div role=\"img\" aria-label=\"Shredded Men | M\u00e4nner, die Begierde entfachen\" class=\"item\" style=\"background-image: url(https:\/\/shreddedmen.com\/aesthetics\/webp\/poster-00011-1080x1920-shredded-men-com-admire-me-men-first-ladies-second-masculinity-aesthetics-community.webp);\">\n<div class=\"content\">\n<h2 class=\"aex-startseite\">Ladies<\/h2>\n<div class=\"des\">M\u00e4nner, die Begierde entfachen<\/div>\n<p>\t\t\t\t<a href=\"https:\/\/shreddedmen.com\/journal\/\" class=\"see-more-button\" target=\"_self\">ENTER<\/a>\n\t\t\t<\/div>\n<\/p><\/div>\n<div role=\"img\" aria-label=\"Shredded Men | Disziplin formt wahre M\u00e4nnlichkeit\" class=\"item\" style=\"background-image: url(https:\/\/shreddedmen.com\/aesthetics\/webp\/poster-00016-1080x1920-shredded-men-com-admire-me-men-first-ladies-second-masculinity-aesthetics-community.webp);\">\n<div class=\"content\">\n<h2 class=\"aex-startseite\">M\u00e4nnlichkeit<\/h2>\n<div class=\"des\">Disziplin formt wahre M\u00e4nnlichkeit<\/div>\n<p>\t\t\t\t<a href=\"https:\/\/shreddedmen.com\/journal\/\" class=\"see-more-button\" target=\"_self\">ENTER<\/a>\n\t\t\t<\/div>\n<\/p><\/div>\n<div role=\"img\" aria-label=\"Shredded Men | Artikel, so stark wie Muskeln\" class=\"item\" style=\"background-image: url(https:\/\/shreddedmen.com\/aesthetics\/webp\/poster-00024-1080x1920-shredded-men-com-admire-me-men-first-ladies-second-masculinity-aesthetics-community.webp);\">\n<div class=\"content\">\n<h2 class=\"aex-startseite\">Journal<\/h2>\n<div class=\"des\">Artikel, so stark wie Muskeln<\/div>\n<p>\t\t\t\t<a href=\"https:\/\/shreddedmen.com\/journal\/\" class=\"see-more-button\" target=\"_self\">ENTER<\/a>\n\t\t\t<\/div>\n<\/p><\/div>\n<div role=\"img\" aria-label=\"Shredded Men | \u00c4sthetik trifft Maskulinit\u00e4t\" class=\"item\" style=\"background-image: url(https:\/\/shreddedmen.com\/aesthetics\/webp\/poster-00099-1080x1920-shredded-men-com-admire-me-men-first-ladies-second-masculinity-aesthetics-community.webp);\">\n<div class=\"content\">\n<h2 class=\"aex-startseite\">Stil<\/h2>\n<div class=\"des\">\u00c4sthetik trifft Maskulinit\u00e4t<\/div>\n<p>\t\t\t\t<a href=\"https:\/\/shreddedmen.com\/journal\/\" class=\"see-more-button\" target=\"_self\">ENTER<\/a>\n\t\t\t<\/div>\n<\/p><\/div>\n<div role=\"img\" aria-label=\"Shredded Men | Neue Freunde treffen f\u00fcr Gym und Lifestyle\" class=\"item\" style=\"background-image: url(https:\/\/shreddedmen.com\/aesthetics\/webp\/poster-00047-1080x1920-shredded-men-com-admire-me-men-first-ladies-second-masculinity-aesthetics-community.webp);\">\n<div class=\"content\">\n<h2 class=\"aex-startseite\">Bromance<\/h2>\n<div class=\"des\">Neue Freunde treffen f\u00fcr Gym und Lifestyle<\/div>\n<p>\t\t\t\t<a href=\"https:\/\/shreddedmen.com\/journal\/\" class=\"see-more-button\" target=\"_self\">ENTER<\/a>\n\t\t\t<\/div>\n<\/p><\/div>\n<div role=\"img\" aria-label=\"Shredded Men | F\u00fcr Dich bebt die Strasse\" class=\"item\" style=\"background-image: url(https:\/\/shreddedmen.com\/aesthetics\/webp\/poster-00038-1080x1920-shredded-men-com-admire-me-men-first-ladies-second-masculinity-aesthetics-community.webp);\">\n<div class=\"content\">\n<h2 class=\"aex-startseite\">Baba<\/h2>\n<div class=\"des\">F\u00fcr Dich bebt die Strasse<\/div>\n<p>\t\t\t\t<a href=\"https:\/\/shreddedmen.com\/journal\/\" class=\"see-more-button\" target=\"_self\">ENTER<\/a>\n\t\t\t<\/div>\n<\/p><\/div>\n<div role=\"img\" aria-label=\"Shredded Men | Den Respekt sp\u00fcren\" class=\"item\" style=\"background-image: url(https:\/\/shreddedmen.com\/aesthetics\/webp\/poster-00088-1080x1920-shredded-men-com-admire-me-men-first-ladies-second-masculinity-aesthetics-community.webp);\">\n<div class=\"content\">\n<h2 class=\"aex-startseite\">Bewunderung<\/h2>\n<div class=\"des\">Den Respekt sp\u00fcren<\/div>\n<p>\t\t\t\t<a href=\"https:\/\/shreddedmen.com\/journal\/\" class=\"see-more-button\" target=\"_self\">ENTER<\/a>\n\t\t\t<\/div>\n<\/p><\/div>\n<div role=\"img\" aria-label=\"Shredded Men | Das Gold in Dir\" class=\"item\" style=\"background-image: url(https:\/\/shreddedmen.com\/aesthetics\/webp\/poster-00079-1080x1920-shredded-men-com-admire-me-men-first-ladies-second-masculinity-aesthetics-community.webp);\">\n<div class=\"content\">\n<h2 class=\"aex-startseite\">Lust<\/h2>\n<div class=\"des\">Das Gold in Dir<\/div>\n<p>\t\t\t\t<a href=\"https:\/\/shreddedmen.com\/journal\/\" class=\"see-more-button\" target=\"_self\">ENTER<\/a>\n\t\t\t<\/div>\n<\/p><\/div>\n<div role=\"img\" aria-label=\"Shredded Guys | Die besten Tipps f\u00fcr den extrem definierten Body\" class=\"item\" style=\"background-image: url(https:\/\/shreddedmen.com\/aesthetics\/webp\/poster-00096-1080x1920-shredded-men-com-admire-me-men-first-ladies-second-masculinity-aesthetics-community.webp);\"><\/div>\n<\/p><\/div>\n<div class=\"button\">\n\t\t<button class=\"prev\"><i class=\"fa-solid fa-arrow-left\"><\/i><\/button><br \/>\n\t\t<button class=\"next\"><i class=\"fa-solid fa-arrow-right\"><\/i><\/button>\n\t<\/div>\n<div class=\"aex-box-start-footer\">\n        <a class=\"aex-start-footer-a-eyecatcher\" href=\"https:\/\/shreddedmen.com\/app\/\" target=\"_self\" title=\"Shredded Men in App umwandeln\">Shredded Men<\/p>\n<p>als App<\/a><\/p>\n<div class=\"blank100\"><\/div>\n<p>        <a class=\"aex-start-footer-a\" href=\"https:\/\/shreddedmen.com\/imprint\/\" target=\"_self\" title=\"Impressum von Shredded Men\">Impressum<\/a><br \/>\n        <a class=\"aex-start-footer-a\" href=\"https:\/\/shreddedmen.com\/privacy-policy\/\" target=\"_self\" title=\"Datenschutzerkl\u00e4rung von Shredded Men\">Datenschutzerkl\u00e4rung<\/a><br \/>\n        <a class=\"aex-start-footer-a\" href=\"https:\/\/shreddedmen.com\/community-guidelines\/\" target=\"_self\" title=\"Community-Guidelines von Shredded Men\">Community-Guidelines<\/a><br \/>\n        <a class=\"aex-start-footer-a\" href=\"https:\/\/shreddedmen.com\/cookies\/\" target=\"_self\" title=\"Cookies individuell einstellen\">Cookies<\/a>\n    <\/div>\n<\/div>\n","protected":false},"excerpt":{"rendered":"<p>{:de} Shredded Men | Admire Me \u2022 Masculinity Aesthetics Community \ud802\udd82 D\u00fcsseldorf Muskeln \u00c4sthetik, die in Muskeln lebt ENTER Shredded Men Men first | Ladies second ENTER Ladies M\u00e4nner, die Begierde entfachen ENTER M\u00e4nnlichkeit Disziplin formt wahre M\u00e4nnlichkeit ENTER Journal Artikel, so stark wie Muskeln ENTER Stil \u00c4sthetik trifft Maskulinit\u00e4t ENTER Bromance Neue Freunde treffen [&hellip;]<\/p>\n","protected":false},"author":1,"featured_media":1143,"parent":0,"menu_order":0,"comment_status":"closed","ping_status":"closed","template":"page-startseite.php","meta":{"footnotes":""},"class_list":["post-923","page","type-page","status-publish","has-post-thumbnail","hentry"],"translation":{"provider":"WPGlobus","version":"3.0.2","language":"hi","enabled_languages":["de","tr","en","es","br","fr","it","ar","ru","zh","ko","hi","ja"],"languages":{"de":{"title":true,"content":true,"excerpt":false},"tr":{"title":true,"content":true,"excerpt":false},"en":{"title":true,"content":true,"excerpt":false},"es":{"title":true,"content":true,"excerpt":false},"br":{"title":true,"content":true,"excerpt":false},"fr":{"title":true,"content":true,"excerpt":false},"it":{"title":true,"content":true,"excerpt":false},"ar":{"title":true,"content":true,"excerpt":false},"ru":{"title":true,"content":true,"excerpt":false},"zh":{"title":true,"content":true,"excerpt":false},"ko":{"title":true,"content":false,"excerpt":false},"hi":{"title":true,"content":false,"excerpt":false},"ja":{"title":true,"content":false,"excerpt":false}}},"aioseo_notices":[],"_links":{"self":[{"href":"https:\/\/shreddedmen.com\/hi\/wp-json\/wp\/v2\/pages\/923","targetHints":{"allow":["GET"]}}],"collection":[{"href":"https:\/\/shreddedmen.com\/hi\/wp-json\/wp\/v2\/pages"}],"about":[{"href":"https:\/\/shreddedmen.com\/hi\/wp-json\/wp\/v2\/types\/page"}],"author":[{"embeddable":true,"href":"https:\/\/shreddedmen.com\/hi\/wp-json\/wp\/v2\/users\/1"}],"replies":[{"embeddable":true,"href":"https:\/\/shreddedmen.com\/hi\/wp-json\/wp\/v2\/comments?post=923"}],"version-history":[{"count":1,"href":"https:\/\/shreddedmen.com\/hi\/wp-json\/wp\/v2\/pages\/923\/revisions"}],"predecessor-version":[{"id":2669,"href":"https:\/\/shreddedmen.com\/hi\/wp-json\/wp\/v2\/pages\/923\/revisions\/2669"}],"wp:featuredmedia":[{"embeddable":true,"href":"https:\/\/shreddedmen.com\/hi\/wp-json\/wp\/v2\/media\/1143"}],"wp:attachment":[{"href":"https:\/\/shreddedmen.com\/hi\/wp-json\/wp\/v2\/media?parent=923"}],"curies":[{"name":"wp","href":"https:\/\/api.w.org\/{rel}","templated":true}]}}