{"id":29,"date":"2023-08-18T18:59:59","date_gmt":"2023-08-18T16:59:59","guid":{"rendered":"https:\/\/www.shreddedmen.com\/?page_id=29"},"modified":"2025-09-20T18:20:13","modified_gmt":"2025-09-20T16:20:13","slug":"about-shredded-men-com-admire-me-men-first-ladies-second-masculinity-aesthetics-community-club","status":"publish","type":"page","link":"https:\/\/shreddedmen.com\/it\/about-shredded-men-com-admire-me-men-first-ladies-second-masculinity-aesthetics-community-club\/","title":{"rendered":"Di"},"content":{"rendered":"<div class=\"aex-box-article\">\n<p class=\"aex-box-article-intro\">\u00abShredded Men\u00bb ist mehr als nur eine Plattform \u00fcber Fitness, Sport, Training, Ern\u00e4hrung und Lifestyle. \u00abShredded Men\u00bb ist ein Lebensgef\u00fchl. Es ist die Entscheidung, \u00fcber sich hinauszuwachsen, Disziplin zu leben, Grenzen zu sprengen und die eigene Kraft sichtbar zu machen.<\/p>\n<p>    \u00abShredded Men\u00bb ist eine einzigartige Online-Community f\u00fcr sportliche Frauen und M\u00e4nner, die einen aktiven Lifestyle leben oder sch\u00e4tzen. Hier geht es nicht nur um Fitness, \u00c4sthetik und Disziplin, sondern auch um Austausch, Motivation und echte Verbindungen. Jeder kann Teil dieser Gemeinschaft werden, denn die Mitgliedschaft als \u00abSilver Alpha\u00bb ist komplett kostenfrei, wodurch keine Barrieren entstehen und jeder die M\u00f6glichkeit hat, sich frei einzubringen.<\/p>\n<p>    Auf \u00abShredded Men\u00bb hast du die Chance, Menschen intensiver kennenzulernen, Kontakte zu kn\u00fcpfen und dich mit Gleichgesinnten auszutauschen, die deine Leidenschaft f\u00fcr Sport und einen gesunden Lebensstil teilen. \u00abShredded Men\u00bb bietet dir die M\u00f6glichkeit, dich zu pr\u00e4sentieren, inspirieren zu lassen und gleichzeitig tiefergehende Gespr\u00e4che zu f\u00fchren, die \u00fcber oberfl\u00e4chliche Begegnungen hinausgehen.<\/p>\n<p>    \u00abShredded Men\u00bb ist mehr als nur eine Community: Es ist ein Raum, in dem echte Verbindungen entstehen k\u00f6nnen, der Motivation und Zusammenhalt f\u00f6rdert und in dem jeder willkommen ist, der diesen Lifestyle lebt oder daran interessiert ist.<\/p>\n<p>    <b>\u00abShredded Men\u00bb ist der Ort, an dem sich M\u00e4nner wieder selbst begegnen, und zwar in ihrer rohen, ungesch\u00f6nten, wilden, ehrgeizigen und hungrigen Form.<\/b><\/p>\n<div class=\"blank100\"><\/div>\n<h2 data-aos=\"fade-left\" data-aos-duration=\"1200\">Meine Philosophie<\/h2>\n<div class=\"blank10\"><\/div>\n<h3 data-aos=\"fade-left\" data-aos-duration=\"1800\">St\u00e4rke trifft \u00c4sthetik<\/h3>\n<p>    \u00abShredded Men\u00bb ist kein Produkt eines anonymen Unternehmens, keine Idee eines grossen Konzerns und kein Projekt, das von einem Team im Hintergrund gesteuert wird. \u00abShredded Men\u00bb ist das Resultat meiner eigenen Leidenschaft, meiner jahrelangen Arbeit und meiner pers\u00f6nlichen Vision.<\/p>\n<p>    Ich habe alles, was du hier siehst, von den Bildern \u00fcber die Inhalte, von der Gestaltung \u00fcber das Webdesign bis hin zum Konzept, eigenh\u00e4ndig geschaffen, weil mich ein Gedanke antreibt: wahre St\u00e4rke verdient eine B\u00fchne, die \u00e4sthetisch, inspirierend und authentisch ist.<\/p>\n<div class=\"blank20\"><\/div>\n<div class=\"aex-about\">\n<div class=\"aex-about-left\">\n            <img decoding=\"async\" class=\"aex-about-img\" src=\"https:\/\/shreddedmen.com\/wp-content\/uploads\/2025\/08\/2025-08-30-00001-Aexraex.png\" alt=\"\">\n        <\/div>\n<div class=\"aex-about-right\">\n            Meine Philosophie ist einfach: St\u00e4rke soll sichtbar werden, \u00c4sthetik soll sp\u00fcrbar sein, Disziplin soll gefeiert werden.<\/p>\n<p>            Ein trainierter K\u00f6rper ist f\u00fcr mich nicht nur eine Ansammlung von Muskeln, sondern ein Kunstwerk, das durch Schweiss, Disziplin und Wille geformt wird. Jeder definierte Muskel erz\u00e4hlt eine Geschichte, und genau diese Geschichten m\u00f6chte ich mit \u00abShredded Men\u00bb sichtbar machen.<\/p>\n<p>            <b>Die Grundlage meiner Arbeit liegt auf drei Ebenen: K\u00f6rper, Geist und Gemeinschaft.<\/b><\/p>\n<p>            Der K\u00f6rper ist Ausdruck von Kraft und Disziplin, der Geist sorgt f\u00fcr Fokus und Motivation, und die Gemeinschaft bringt Menschen zusammen, die dieselbe Leidenschaft teilen. F\u00fcr mich ist Fitness mehr als ein Hobby. Es ist eine Lebenseinstellung, die Menschen pr\u00e4gt, verbindet und wachsen l\u00e4sst.<\/p>\n<p>            Ich habe \u00abShredded Men\u00bb erschaffen, weil ich daran glaube, dass Training nicht nur dazu da ist, st\u00e4rker zu werden, sondern auch sch\u00f6ner, selbstbewusster und erf\u00fcllter. Alles, was hier entsteht, tr\u00e4gt meine Handschrift, meine Energie und meinen Anspruch an Qualit\u00e4t.<\/p>\n<p>            \u00abShredded Men\u00bb ist keine Marke von vielen: <b>\u00abShredded Men\u00bb ist mein Projekt, meine Vision und meine Philosophie.<\/b>\n        <\/div>\n<\/p>\n<\/div>\n<div class=\"blank50\"><\/div>\n<div class=\"aex-about\">\n        <img decoding=\"async\" class=\"aex-about-img-divider\" src=\"https:\/\/shreddedmen.com\/wp-content\/uploads\/2025\/08\/2025-08-31-00001-L.png\" alt=\"\">\n    <\/div>\n<div class=\"blank50\"><\/div>\n<div class=\"aex-about\">\n<div class=\"aex-about-left2\">\n            <img decoding=\"async\" class=\"aex-about-img-logo\" src=\"https:\/\/shreddedmen.com\/wp-content\/uploads\/2025\/08\/poster-00016-540x960-shredded-men-com-admire-me-men-first-ladies-second-masculinity-aesthetics-community.png\" alt=\"\">\n        <\/div>\n<div class=\"aex-about-right2\">\n<h3>Die Community<\/h3>\n<div class=\"blank10\"><\/div>\n<h4>Dein Club, Dein Rudel<\/h4>\n<p>            Training macht st\u00e4rker. Doch Training macht noch mehr, wenn man es teilt. \u00abShredded Men\u00bb ist nicht nur eine Quelle voller Informationen, sondern eine Community: Ein Club von Frauen und M\u00e4nnern, die die gleiche Leidenschaft verbindet. Hier kannst du neue Gym-Partner finden, Freunde treffen, dich austauschen und voneinander lernen.<\/p>\n<p>            Es ist der Ort, an dem Menschen sich gegenseitig pushen, wo Inspiration auf Motivation trifft und wo aus Fremden Br\u00fcder im Geist des Sports werden.<\/p>\n<p>            <a class=\"aex-a-imprint\" href=\"https:\/\/shreddedmen.com\/club\/user\/register\/\" target=\"_self\" title=\"Kostenlos registrieren\">Registriere Dich jetzt kostenlos f\u00fcr den Club<\/a><br \/>\n            <a class=\"aex-a-imprint\" href=\"https:\/\/shreddedmen.com\/club\/user\/login\/\" target=\"_self\" title=\"Einloggen in den Club\">Einloggen in den Club<\/a><\/p>\n<p class=\"aex-p-claim\">Du f\u00e4ngst als \u00abSilver Alpha\u00bb an. Weitere Features, wie der \u00abGhost Modus\u00bb, k\u00f6nnen optional gebucht werden. Die Mitgliedschaft als \u00abSilver Alpha\u00bb ist kostenfrei. Das Mindestalter f\u00fcr das Mitmachen liegt bei 21 Jahren.<\/p>\n<p class=\"aex-p-claim\">Falls Du einen Einladungscode vom Macher dieser Seite bekommen hast, startest Du mit dem h\u00f6heren Status \u00abPrecious Alpha\u00bb. Ebenfalls kostenlos.<\/p>\n<p class=\"aex-p-claim\">Um im Club eine ausgewogene Mischung von Frauen und M\u00e4nnern garantieren zu k\u00f6nnen, kann leider nicht jede Registrierung akzeptiert werden. Registrierungen mit Einladungscode werden sofort akzeptiert und freigeschaltet.<\/p>\n<p class=\"aex-p-claim\">Registrierungen werden sofort akzeptiert, wenn \u00abGold Alpha\u00bb bei Registrierung gebucht wird.<\/p>\n<p>            <b>Unsere Community lebt von Echtheit. Keine falschen Versprechen, keine leeren Phrasen. Hier findest du Menschen, die schwitzen, k\u00e4mpfen, wachsen \u2013 genau wie Du.<\/b>\n        <\/div>\n<\/p>\n<\/div>\n<div class=\"blank50\"><\/div>\n<div class=\"aex-about\">\n        <img decoding=\"async\" class=\"aex-about-img-divider\" src=\"https:\/\/shreddedmen.com\/wp-content\/uploads\/2025\/08\/2025-08-31-00001-R.png\" alt=\"\">\n    <\/div>\n<div class=\"blank50\"><\/div>\n<div class=\"aex-about\">\n<div class=\"aex-about-left\">\n            <img decoding=\"async\" class=\"aex-about-img-logo\" src=\"https:\/\/shreddedmen.com\/wp-content\/uploads\/2025\/08\/poster-00050-540x960-shredded-men-com-admire-me-men-first-ladies-second-masculinity-aesthetics-community.png\" alt=\"\">\n        <\/div>\n<div class=\"aex-about-right\">\n<h3>Das Magazin<\/h3>\n<div class=\"blank10\"><\/div>\n<h4>Wissen, das dich weiterbringt<\/h4>\n<p>            \u00abShredded Men\u00bb steht f\u00fcr Qualit\u00e4t. Deshalb findest du bei uns Inhalte, die nicht nur inspirieren, sondern auch fundiert sind.<\/p>\n<div class=\"aex-listing-content\">\n<div class=\"aex-table\">\n<div class=\"aex-table-sub\">\n<div class=\"aex-table-sub-left\">\u2022 <\/div>\n<div class=\"aex-table-sub-right\">Spannende Themen, die dein Geist inspirieren werden.<\/div>\n<\/p>\n<\/div>\n<div class=\"aex-table-sub\">\n<div class=\"aex-table-sub-left\">\u2022 <\/div>\n<div class=\"aex-table-sub-right\">Infografiken und Charts, die Wissen visuell, informativ und klar auf den Punkt bringen.<\/div>\n<\/p>\n<\/div>\n<div class=\"aex-table-sub\">\n<div class=\"aex-table-sub-left\">\u2022 <\/div>\n<div class=\"aex-table-sub-right\">Alle Informationen \u00fcber N\u00e4hrstoffe f\u00fcr den smarten Athleten.<\/div>\n<\/p>\n<\/div>\n<div class=\"aex-table-sub\">\n<div class=\"aex-table-sub-left\">\u2022 <\/div>\n<div class=\"aex-table-sub-right\">PDFs kostenlos zum herunterladen.<\/div>\n<\/p>\n<\/div>\n<div class=\"aex-table-sub\">\n<div class=\"aex-table-sub-left\">\u2022 <\/div>\n<div class=\"aex-table-sub-right\">Lifestyle-Themen, die den sportlichen Mann in seiner ganzen Bandbreite zeigen. Von Mode \u00fcber Regeneration bis hin zu Mindset und Motivation.<\/div>\n<\/p>\n<\/div>\n<\/div>\n<\/div>\n<p>            <a class=\"aex-a-imprint\" href=\"https:\/\/shreddedmen.com\/magazin\/\" target=\"_self\" title=\"Aktuelle Themen im Magazin\">Alle aktuellen Themen im Magazin<\/a><\/p>\n<p>            Alles wird mit h\u00f6chstem Anspruch erstellt. Ich glaube daran, dass \u00c4sthetik nicht nur im K\u00f6rper, sondern auch in der Darstellung wichtig ist. \u00abShredded Men\u00bb spricht Herz und Verstand gleichermassen an.\n        <\/p>\n<\/div>\n<\/div>\n<div class=\"blank50\"><\/div>\n<div class=\"aex-about\">\n        <img decoding=\"async\" class=\"aex-about-img-divider\" src=\"https:\/\/shreddedmen.com\/wp-content\/uploads\/2025\/08\/2025-08-31-00001-L.png\" alt=\"\">\n    <\/div>\n<div class=\"blank50\"><\/div>\n<div class=\"aex-about\">\n<div class=\"aex-about-left2\">\n            <img decoding=\"async\" class=\"aex-about-img-logo\" src=\"https:\/\/shreddedmen.com\/wp-content\/uploads\/2025\/08\/poster-00074-540x960-shredded-men-com-admire-me-men-first-ladies-second-masculinity-aesthetics-community.png\" alt=\"\">\n        <\/div>\n<div class=\"aex-about-right2\">\n<h3>Die Vision und Mission<\/h3>\n<div class=\"blank10\"><\/div>\n<h4>Ein neues Bild vom Mann<\/h4>\n<p>            Meine Vision ist es, ein neues, kraftvolles Bild von M\u00e4nnlichkeit zu pr\u00e4gen. M\u00e4nnlichkeit bedeutet f\u00fcr \u00abShredded Men\u00bb St\u00e4rke, Disziplin, \u00c4sthetik, Wille, Leidenschaft, aber auch Offenheit, Gemeinschaft und Inspiration. \u00abShredded Men\u00bb zeigt den Mann nicht als Klischee, sondern als facettenreiches Wesen. Kraftvoll und sinnlich, ehrgeizig und nahbar, fokussiert und frei.<\/p>\n<p>            \u00abShredded Men\u00bb will die f\u00fchrende Plattform f\u00fcr M\u00e4nner werden, die mehr wollen als nur ein Workout. \u00abShredded Men\u00bb will eine Bewegung schaffen, die Training, Lifestyle und Gemeinschaft zu einem Gesamterlebnis vereint.<\/p>\n<p>            Unsere Mission ist es, jeden einzelnen zu motivieren, seine beste Version zu werden. Nicht durch Druck, sondern durch Inspiration. Nicht durch Regeln, sondern durch Beispiele. Wir wollen M\u00e4nnern zeigen, dass ein trainierter K\u00f6rper nicht nur besser aussieht, sondern auch mehr Energie, Selbstvertrauen und Lebensqualit\u00e4t bringt.<\/p>\n<p>            \u00abShredded Men\u00bb ist daf\u00fcr da, Dir einen Schub zu geben, wenn du zweifelst. Wir sind die Stimme, die Dir sagt: \u201eDu kannst mehr.\u201c Wir sind die Community, die Dich auff\u00e4ngt, wenn Du f\u00e4llst, und Dich feiert, wenn Du gewinnst.\n        <\/p>\n<\/div>\n<\/div>\n<div class=\"blank50\"><\/div>\n<div class=\"aex-about\">\n        <img decoding=\"async\" class=\"aex-about-img-divider\" src=\"https:\/\/shreddedmen.com\/wp-content\/uploads\/2025\/08\/2025-08-31-00001-R.png\" alt=\"\">\n    <\/div>\n<div class=\"blank50\"><\/div>\n<div class=\"aex-about\">\n<div class=\"aex-about-left\">\n            <img decoding=\"async\" class=\"aex-about-img-logo\" src=\"https:\/\/shreddedmen.com\/wp-content\/uploads\/2025\/08\/poster-00079-540x960-shredded-men-com-admire-me-men-first-ladies-second-masculinity-aesthetics-community.png\" alt=\"\">\n        <\/div>\n<div class=\"aex-about-right\">\n<h3>Warum \u00abShredded Men\u00bb besonders ist<\/h3>\n<p>            \u00abShredded Men\u00bb ist keine gew\u00f6hnliche Community, sondern ein Ort, der sich bewusst von oberfl\u00e4chlichen Netzwerken abhebt. W\u00e4hrend viele Plattformen nur schnelle Likes und kurze Interaktionen bieten, geht es hier um echte Verbindungen, ehrlichen Austausch und Motivation, die aus einer starken Gemeinschaft entsteht.<\/p>\n<p>            Besonders macht \u00abShredded Men\u00bb, dass die generelle Mitgliedschaft gratis ist und dadurch jeder die M\u00f6glichkeit hat, Teil dieser Welt zu werden, ohne H\u00fcrden \u00fcberwinden zu m\u00fcssen. Wer hier dabei ist, entscheidet sich nicht f\u00fcr irgendeine Plattform, sondern f\u00fcr eine Community, die von Leidenschaft, Disziplin und gegenseitiger Unterst\u00fctzung lebt.<\/p>\n<p>            Auf \u00abShredded Men\u00bb lernst du Menschen intensiver kennen, weil die Gespr\u00e4che nicht an der Oberfl\u00e4che bleiben, sondern tiefer gehen. Hier triffst du Gleichgesinnte, die denselben Lifestyle verfolgen, die Deine Werte teilen und die dich inspirieren k\u00f6nnen. Diese Mischung aus Sport, Lifestyle und echter Verbindung macht Shredded Men einzigartig und zu einem Ort, an dem mehr entsteht als nur digitale Kontakte, n\u00e4mlich echte Motivation und Freundschaften.\n        <\/p>\n<\/div>\n<\/div>\n<div class=\"blank50\"><\/div>\n<div class=\"aex-about\">\n        <img decoding=\"async\" class=\"aex-about-img-divider\" src=\"https:\/\/shreddedmen.com\/wp-content\/uploads\/2025\/08\/2025-08-31-00001-L.png\" alt=\"\">\n    <\/div>\n<div class=\"blank50\"><\/div>\n<div class=\"aex-about\">\n<div class=\"aex-about-left2\">\n            <img decoding=\"async\" class=\"aex-about-img-logo\" src=\"https:\/\/shreddedmen.com\/wp-content\/uploads\/2025\/08\/poster-00091-540x960-shredded-men-com-admire-me-men-first-ladies-second-masculinity-aesthetics-community.png\" alt=\"\">\n        <\/div>\n<div class=\"aex-about-right2\">\n<h3>F\u00fcr wen \u00abShredded Men\u00bb gemacht ist<\/h3>\n<p>            \u00abShredded Men\u00bb spricht M\u00e4nner an, die stark und \u00e4sthetisch sein wollen. M\u00e4nner, die Training nicht nur als Routine sehen, sondern als Ausdruck von Identit\u00e4t. M\u00e4nner, die hart arbeiten, aber auch geniessen. M\u00e4nner, die sich zeigen wollen: <b>Selbstbewusst, kraftvoll, sinnlich.<\/b><\/p>\n<p>            Gleichzeitig richtet sich \u00abShredded Men\u00bb an Frauen, die Inspiration suchen, die sich von der \u00c4sthetik sportlicher M\u00e4nner angezogen f\u00fchlen oder die ihre eigenen Fitnessziele verfolgen und Teil einer Community sein wollen, die motiviert.<\/p>\n<p>            Und \u00abShredded Men\u00bb ist offen f\u00fcr M\u00e4nner, die M\u00e4nner attraktiv finden, die die sinnliche Seite von M\u00e4nnlichkeit sch\u00e4tzen und die Freude daran haben, diese \u00c4sthetik zu leben. Wir sind offen, inklusiv und vielf\u00e4ltig, denn wahre St\u00e4rke bedeutet auch, andere Lebens-, Denk- und Spielweisen zu akzeptieren. Jeder Mensch darf in Freiheit sein Leben so Leben, wie er es f\u00fcr richtig oderjedem sein Leben in Freiheitniben andere zu akzeptieren.\n        <\/p>\n<\/div>\n<\/div>\n<div class=\"blank30\"><\/div>\n<\/div>\n","protected":false},"excerpt":{"rendered":"<p>\u00abShredded Men\u00bb ist mehr als nur eine Plattform \u00fcber Fitness, Sport, Training, Ern\u00e4hrung und Lifestyle. \u00abShredded Men\u00bb ist ein Lebensgef\u00fchl. Es ist die Entscheidung, \u00fcber sich hinauszuwachsen, Disziplin zu leben, Grenzen zu sprengen und die eigene Kraft sichtbar zu machen. \u00abShredded Men\u00bb ist eine einzigartige Online-Community f\u00fcr sportliche Frauen und M\u00e4nner, die einen aktiven Lifestyle [&hellip;]<\/p>\n","protected":false},"author":1,"featured_media":1137,"parent":0,"menu_order":0,"comment_status":"closed","ping_status":"closed","template":"","meta":{"footnotes":""},"class_list":["post-29","page","type-page","status-publish","has-post-thumbnail","hentry"],"translation":{"provider":"WPGlobus","version":"3.0.2","language":"it","enabled_languages":["de","tr","en","es","br","fr","it","ar","ru","zh","ko","hi","ja"],"languages":{"de":{"title":true,"content":true,"excerpt":false},"tr":{"title":true,"content":false,"excerpt":false},"en":{"title":true,"content":false,"excerpt":false},"es":{"title":true,"content":false,"excerpt":false},"br":{"title":true,"content":false,"excerpt":false},"fr":{"title":true,"content":false,"excerpt":false},"it":{"title":true,"content":false,"excerpt":false},"ar":{"title":true,"content":false,"excerpt":false},"ru":{"title":true,"content":false,"excerpt":false},"zh":{"title":true,"content":false,"excerpt":false},"ko":{"title":true,"content":false,"excerpt":false},"hi":{"title":true,"content":false,"excerpt":false},"ja":{"title":true,"content":false,"excerpt":false}}},"aioseo_notices":[],"_links":{"self":[{"href":"https:\/\/shreddedmen.com\/it\/wp-json\/wp\/v2\/pages\/29","targetHints":{"allow":["GET"]}}],"collection":[{"href":"https:\/\/shreddedmen.com\/it\/wp-json\/wp\/v2\/pages"}],"about":[{"href":"https:\/\/shreddedmen.com\/it\/wp-json\/wp\/v2\/types\/page"}],"author":[{"embeddable":true,"href":"https:\/\/shreddedmen.com\/it\/wp-json\/wp\/v2\/users\/1"}],"replies":[{"embeddable":true,"href":"https:\/\/shreddedmen.com\/it\/wp-json\/wp\/v2\/comments?post=29"}],"version-history":[{"count":0,"href":"https:\/\/shreddedmen.com\/it\/wp-json\/wp\/v2\/pages\/29\/revisions"}],"wp:featuredmedia":[{"embeddable":true,"href":"https:\/\/shreddedmen.com\/it\/wp-json\/wp\/v2\/media\/1137"}],"wp:attachment":[{"href":"https:\/\/shreddedmen.com\/it\/wp-json\/wp\/v2\/media?parent=29"}],"curies":[{"name":"wp","href":"https:\/\/api.w.org\/{rel}","templated":true}]}}