{"id":923,"date":"2025-08-05T18:13:20","date_gmt":"2025-08-05T16:13:20","guid":{"rendered":"https:\/\/shreddedmen.com\/?page_id=923"},"modified":"2025-09-22T07:32:59","modified_gmt":"2025-09-22T05:32:59","slug":"masculinity-aesthetics-community","status":"publish","type":"page","link":"https:\/\/shreddedmen.com\/tr\/","title":{"rendered":"Shredded Erkekler | Beni Hayranl\u0131kla \u0130zle \u2022 Erkeksilik Esteti\u011fi Toplulu\u011fu \ud802\udd82 \u0130stanbul"},"content":{"rendered":"<div class=\"container\">\n<h1 style=\"display:none;\">Shredded Erkekler | Beni Hayranl\u0131kla \u0130zle \u2022 Erkeksilik Esteti\u011fi Toplulu\u011fu \ud802\udd82 \u0130zmir<\/h1>\n<div class=\"slide\">\n<div role=\"img\" aria-label=\"Shredded Erkekler | Kaslarda ya\u015fayan estetik\" class=\"item\" style=\"background-image: url(https:\/\/shreddedmen.com\/aesthetics\/webp\/poster-00091-1080x1920-shredded-men-com-admire-me-men-first-ladies-second-masculinity-aesthetics-community.webp);\">\n<div class=\"content\">\n<h2 class=\"aex-startseite\">Kaslar<\/h2>\n<div class=\"des\">Kaslarda ya\u015fayan estetik<\/div>\n<p>\t\t\t\t<a href=\"https:\/\/shreddedmen.com\/tr\/journal\/\" class=\"see-more-button\" target=\"_self\">G\u0130R\u0130\u015e<\/a>\n\t\t\t<\/div>\n<\/p><\/div>\n<div role=\"img\" aria-label=\"Shredded Erkekler | \u00d6nce Erkekler \u2022 Sonra Bayanlar\" class=\"item\" style=\"background-image: url(https:\/\/shreddedmen.com\/aesthetics\/webp\/poster-00001-1080x1920-shredded-men-com-admire-me-men-first-ladies-second-masculinity-aesthetics-community.webp);\">\n<div class=\"content\">\n<h2 class=\"aex-startseite\">Shredded Erkekler<\/h2>\n<div class=\"des\">\u00d6nce Erkekler \u2022 Sonra Bayanlar<\/div>\n<p>\t\t\t\t<a href=\"https:\/\/shreddedmen.com\/tr\/journal\/\" class=\"see-more-button\" target=\"_self\">G\u0130R\u0130\u015e<\/a>\n\t\t\t<\/div>\n<\/p><\/div>\n<div role=\"img\" aria-label=\"Shredded Erkekler | Arzu uyand\u0131ran erkekler\" class=\"item\" style=\"background-image: url(https:\/\/shreddedmen.com\/aesthetics\/webp\/poster-00011-1080x1920-shredded-men-com-admire-me-men-first-ladies-second-masculinity-aesthetics-community.webp);\">\n<div class=\"content\">\n<h2 class=\"aex-startseite\">Bayanlar<\/h2>\n<div class=\"des\">Arzu uyand\u0131ran erkekler<\/div>\n<p>\t\t\t\t<a href=\"https:\/\/shreddedmen.com\/tr\/journal\/\" class=\"see-more-button\" target=\"_self\">G\u0130R\u0130\u015e<\/a>\n\t\t\t<\/div>\n<\/p><\/div>\n<div role=\"img\" aria-label=\"Shredded Erkekler | Disiplin ger\u00e7ek erkekli\u011fi \u015fekillendirir\" class=\"item\" style=\"background-image: url(https:\/\/shreddedmen.com\/aesthetics\/webp\/poster-00016-1080x1920-shredded-men-com-admire-me-men-first-ladies-second-masculinity-aesthetics-community.webp);\">\n<div class=\"content\">\n<h2 class=\"aex-startseite\">Erkeklik<\/h2>\n<div class=\"des\">Disiplin ger\u00e7ek erkekli\u011fi \u015fekillendirir<\/div>\n<p>\t\t\t\t<a href=\"https:\/\/shreddedmen.com\/tr\/journal\/\" class=\"see-more-button\" target=\"_self\">G\u0130R\u0130\u015e<\/a>\n\t\t\t<\/div>\n<\/p><\/div>\n<div role=\"img\" aria-label=\"Shredded Erkekler | Kaslar kadar g\u00fc\u00e7l\u00fc makaleler\" class=\"item\" style=\"background-image: url(https:\/\/shreddedmen.com\/aesthetics\/webp\/poster-00024-1080x1920-shredded-men-com-admire-me-men-first-ladies-second-masculinity-aesthetics-community.webp);\">\n<div class=\"content\">\n<h2 class=\"aex-startseite\">Journal<\/h2>\n<div class=\"des\">Kaslar kadar g\u00fc\u00e7l\u00fc makaleler<\/div>\n<p>\t\t\t\t<a href=\"https:\/\/shreddedmen.com\/tr\/journal\/\" class=\"see-more-button\" target=\"_self\">G\u0130R\u0130\u015e<\/a>\n\t\t\t<\/div>\n<\/p><\/div>\n<div role=\"img\" aria-label=\"Shredded Erkekler | Estetik mask\u00fclenlikle bulu\u015fuyor\" class=\"item\" style=\"background-image: url(https:\/\/shreddedmen.com\/aesthetics\/webp\/poster-00099-1080x1920-shredded-men-com-admire-me-men-first-ladies-second-masculinity-aesthetics-community.webp);\">\n<div class=\"content\">\n<h2 class=\"aex-startseite\">Stil<\/h2>\n<div class=\"des\">Estetik mask\u00fclenlikle bulu\u015fuyor<\/div>\n<p>\t\t\t\t<a href=\"https:\/\/shreddedmen.com\/tr\/journal\/\" class=\"see-more-button\" target=\"_self\">G\u0130R\u0130\u015e<\/a>\n\t\t\t<\/div>\n<\/p><\/div>\n<div role=\"img\" aria-label=\"Shredded Erkekler | Spor salonu ve ya\u015fam tarz\u0131 i\u00e7in yeni arkada\u015flarla tan\u0131\u015f\" class=\"item\" style=\"background-image: url(https:\/\/shreddedmen.com\/aesthetics\/webp\/poster-00047-1080x1920-shredded-men-com-admire-me-men-first-ladies-second-masculinity-aesthetics-community.webp);\">\n<div class=\"content\">\n<h2 class=\"aex-startseite\">Bromance<\/h2>\n<div class=\"des\">Spor salonu ve ya\u015fam tarz\u0131 i\u00e7in yeni arkada\u015flarla tan\u0131\u015f<\/div>\n<p>\t\t\t\t<a href=\"https:\/\/shreddedmen.com\/tr\/journal\/\" class=\"see-more-button\" target=\"_self\">G\u0130R\u0130\u015e<\/a>\n\t\t\t<\/div>\n<\/p><\/div>\n<div role=\"img\" aria-label=\"Shredded Erkekler | Sokak senin i\u00e7in titriyor\" class=\"item\" style=\"background-image: url(https:\/\/shreddedmen.com\/aesthetics\/webp\/poster-00038-1080x1920-shredded-men-com-admire-me-men-first-ladies-second-masculinity-aesthetics-community.webp);\">\n<div class=\"content\">\n<h2 class=\"aex-startseite\">Baba<\/h2>\n<div class=\"des\">Sokak senin i\u00e7in titriyor<\/div>\n<p>\t\t\t\t<a href=\"https:\/\/shreddedmen.com\/tr\/journal\/\" class=\"see-more-button\" target=\"_self\">G\u0130R\u0130\u015e<\/a>\n\t\t\t<\/div>\n<\/p><\/div>\n<div role=\"img\" aria-label=\"Shredded Erkekler | Sayg\u0131y\u0131 hisset\" class=\"item\" style=\"background-image: url(https:\/\/shreddedmen.com\/aesthetics\/webp\/poster-00088-1080x1920-shredded-men-com-admire-me-men-first-ladies-second-masculinity-aesthetics-community.webp);\">\n<div class=\"content\">\n<h2 class=\"aex-startseite\">Hayranl\u0131k<\/h2>\n<div class=\"des\">Sayg\u0131y\u0131 hisset<\/div>\n<p>\t\t\t\t<a href=\"https:\/\/shreddedmen.com\/tr\/journal\/\" class=\"see-more-button\" target=\"_self\">G\u0130R\u0130\u015e<\/a>\n\t\t\t<\/div>\n<\/p><\/div>\n<div role=\"img\" aria-label=\"Shredded Erkekler | \u0130\u00e7indeki alt\u0131n\" class=\"item\" style=\"background-image: url(https:\/\/shreddedmen.com\/aesthetics\/webp\/poster-00079-1080x1920-shredded-men-com-admire-me-men-first-ladies-second-masculinity-aesthetics-community.webp);\">\n<div class=\"content\">\n<h2 class=\"aex-startseite\">Arzu<\/h2>\n<div class=\"des\">\u0130\u00e7indeki alt\u0131n<\/div>\n<p>\t\t\t\t<a href=\"https:\/\/shreddedmen.com\/tr\/journal\/\" class=\"see-more-button\" target=\"_self\">G\u0130R\u0130\u015e<\/a>\n\t\t\t<\/div>\n<\/p><\/div>\n<div role=\"img\" aria-label=\"Shredded Kanka | A\u015f\u0131r\u0131 tan\u0131ml\u0131 v\u00fccut i\u00e7in en iyi ipu\u00e7lar\u0131\" class=\"item\" style=\"background-image: url(https:\/\/shreddedmen.com\/aesthetics\/webp\/poster-00096-1080x1920-shredded-men-com-admire-me-men-first-ladies-second-masculinity-aesthetics-community.webp);\"><\/div>\n<\/p><\/div>\n<div class=\"button\">\n\t\t<button class=\"prev\"><i class=\"fa-solid fa-arrow-left\"><\/i><\/button><br \/>\n\t\t<button class=\"next\"><i class=\"fa-solid fa-arrow-right\"><\/i><\/button>\n\t<\/div>\n<div class=\"aex-box-start-footer\">\n        <a class=\"aex-start-footer-a-eyecatcher\" href=\"https:\/\/shreddedmen.com\/tr\/app\/\" target=\"_self\" title=\"Shredded Erkekler\u2019i bir uygulamaya d\u00f6n\u00fc\u015ft\u00fcr\">Shredded Erkekler\u2019i<\/p>\n<p>bir uygulamaya d\u00f6n\u00fc\u015ft\u00fcr<\/a><\/p>\n<div class=\"blank100\"><\/div>\n<p>        <a class=\"aex-start-footer-a\" href=\"https:\/\/shreddedmen.com\/tr\/imprint\/\" target=\"_self\" title=\"Shredded Erkekler\u2019in kurumsal bilgileri\">Kurumsal Bilgiler<\/a><br \/>\n        <a class=\"aex-start-footer-a\" href=\"https:\/\/shreddedmen.com\/tr\/privacy-policy\/\" target=\"_self\" title=\"Shredded Erkekler'in gizlilik politikas\u0131\">Gizlilik Politikas\u0131<\/a><br \/>\n        <a class=\"aex-start-footer-a\" href=\"https:\/\/shreddedmen.com\/tr\/community-guidelines\/\" target=\"_self\" title=\"Shredded Erkekler'in community kurallar\u0131\">Community Kurallar\u0131<\/a><br \/>\n        <a class=\"aex-start-footer-a\" href=\"https:\/\/shreddedmen.com\/tr\/cookies\/\" target=\"_self\" title=\"\u00c7erezleri ki\u015fiselle\u015ftirerek ayarla\">\u00c7erezler<\/a>\n    <\/div>\n<\/div>\n","protected":false},"excerpt":{"rendered":"<p>Shredded Erkekler | Beni Hayranl\u0131kla \u0130zle \u2022 Erkeksilik Esteti\u011fi Toplulu\u011fu \ud802\udd82 \u0130zmir Kaslar Kaslarda ya\u015fayan estetik G\u0130R\u0130\u015e Shredded Erkekler \u00d6nce Erkekler \u2022 Sonra Bayanlar G\u0130R\u0130\u015e Bayanlar Arzu uyand\u0131ran erkekler G\u0130R\u0130\u015e Erkeklik Disiplin ger\u00e7ek erkekli\u011fi \u015fekillendirir G\u0130R\u0130\u015e Journal Kaslar kadar g\u00fc\u00e7l\u00fc makaleler G\u0130R\u0130\u015e Stil Estetik mask\u00fclenlikle bulu\u015fuyor G\u0130R\u0130\u015e Bromance Spor salonu ve ya\u015fam tarz\u0131 i\u00e7in yeni [&hellip;]<\/p>\n","protected":false},"author":1,"featured_media":1143,"parent":0,"menu_order":0,"comment_status":"closed","ping_status":"closed","template":"page-startseite.php","meta":{"footnotes":""},"class_list":["post-923","page","type-page","status-publish","has-post-thumbnail","hentry"],"translation":{"provider":"WPGlobus","version":"3.0.2","language":"tr","enabled_languages":["de","tr","en","es","br","fr","it","ar","ru","zh","ko","hi","ja"],"languages":{"de":{"title":true,"content":true,"excerpt":false},"tr":{"title":true,"content":true,"excerpt":false},"en":{"title":true,"content":true,"excerpt":false},"es":{"title":true,"content":true,"excerpt":false},"br":{"title":true,"content":true,"excerpt":false},"fr":{"title":true,"content":true,"excerpt":false},"it":{"title":true,"content":true,"excerpt":false},"ar":{"title":true,"content":true,"excerpt":false},"ru":{"title":true,"content":true,"excerpt":false},"zh":{"title":true,"content":true,"excerpt":false},"ko":{"title":true,"content":false,"excerpt":false},"hi":{"title":true,"content":false,"excerpt":false},"ja":{"title":true,"content":false,"excerpt":false}}},"aioseo_notices":[],"_links":{"self":[{"href":"https:\/\/shreddedmen.com\/tr\/wp-json\/wp\/v2\/pages\/923","targetHints":{"allow":["GET"]}}],"collection":[{"href":"https:\/\/shreddedmen.com\/tr\/wp-json\/wp\/v2\/pages"}],"about":[{"href":"https:\/\/shreddedmen.com\/tr\/wp-json\/wp\/v2\/types\/page"}],"author":[{"embeddable":true,"href":"https:\/\/shreddedmen.com\/tr\/wp-json\/wp\/v2\/users\/1"}],"replies":[{"embeddable":true,"href":"https:\/\/shreddedmen.com\/tr\/wp-json\/wp\/v2\/comments?post=923"}],"version-history":[{"count":1,"href":"https:\/\/shreddedmen.com\/tr\/wp-json\/wp\/v2\/pages\/923\/revisions"}],"predecessor-version":[{"id":2669,"href":"https:\/\/shreddedmen.com\/tr\/wp-json\/wp\/v2\/pages\/923\/revisions\/2669"}],"wp:featuredmedia":[{"embeddable":true,"href":"https:\/\/shreddedmen.com\/tr\/wp-json\/wp\/v2\/media\/1143"}],"wp:attachment":[{"href":"https:\/\/shreddedmen.com\/tr\/wp-json\/wp\/v2\/media?parent=923"}],"curies":[{"name":"wp","href":"https:\/\/api.w.org\/{rel}","templated":true}]}}